{"id":15,"date":"2015-08-19T12:53:34","date_gmt":"2015-08-19T12:53:34","guid":{"rendered":"https:\/\/www.hydroref.com\/GTH-ARIII\/?page_id=15"},"modified":"2016-04-28T09:28:10","modified_gmt":"2016-04-28T09:28:10","slug":"foro","status":"publish","type":"page","link":"https:\/\/www.hydroref.com\/GTH-ARIII\/foro\/","title":{"rendered":"Foro"},"content":{"rendered":"<p>En esta area los miembros del Grupo pueden discutir sobre los temas relativos\u00a0a sus actividades en el\u00a0marco del Plan de Trabajo. Inicialmente habr\u00e0 unicamente un foro general. Sucesivamente, si es necesario, se podr\u00e0n establecer foros para temas espec\u00edficos.<\/p>\n<h4><\/h4>\n<p><span style=\"color: #ff6600;\"><strong><span id=\"result_box\" class=\"short_text\" lang=\"es\"><span class=\"\"><a style=\"color: #ff6600;\" href=\"https:\/\/www.hydroref.com\/GTH-ARIII\/forositioweb\/\">Entrar al foro<\/a><\/span><\/span><\/strong><\/span><\/p>\n<h4><span style=\"color: #ff0000;\">\u00a0<\/span><\/h4>\n","protected":false},"excerpt":{"rendered":"<p>En esta area los miembros del Grupo pueden discutir sobre los temas relativos\u00a0a sus actividades en el\u00a0marco del Plan de Trabajo. Inicialmente habr\u00e0 unicamente un foro general. Sucesivamente, si es necesario, se podr\u00e0n establecer foros para temas espec\u00edficos. Entrar al foro \u00a0<\/p>\n","protected":false},"author":28,"featured_media":0,"parent":0,"menu_order":0,"comment_status":"closed","ping_status":"closed","template":"","meta":{"_s2mail":""},"_links":{"self":[{"href":"https:\/\/www.hydroref.com\/GTH-ARIII\/wp-json\/wp\/v2\/pages\/15"}],"collection":[{"href":"https:\/\/www.hydroref.com\/GTH-ARIII\/wp-json\/wp\/v2\/pages"}],"about":[{"href":"https:\/\/www.hydroref.com\/GTH-ARIII\/wp-json\/wp\/v2\/types\/page"}],"author":[{"embeddable":true,"href":"https:\/\/www.hydroref.com\/GTH-ARIII\/wp-json\/wp\/v2\/users\/28"}],"replies":[{"embeddable":true,"href":"https:\/\/www.hydroref.com\/GTH-ARIII\/wp-json\/wp\/v2\/comments?post=15"}],"version-history":[{"count":20,"href":"https:\/\/www.hydroref.com\/GTH-ARIII\/wp-json\/wp\/v2\/pages\/15\/revisions"}],"predecessor-version":[{"id":562,"href":"https:\/\/www.hydroref.com\/GTH-ARIII\/wp-json\/wp\/v2\/pages\/15\/revisions\/562"}],"wp:attachment":[{"href":"https:\/\/www.hydroref.com\/GTH-ARIII\/wp-json\/wp\/v2\/media?parent=15"}],"curies":[{"name":"wp","href":"https:\/\/api.w.org\/{rel}","templated":true}]}}