{"id":429,"date":"2016-02-25T18:17:53","date_gmt":"2016-02-25T18:17:53","guid":{"rendered":"https:\/\/www.hydroref.com\/GTH-ARIII\/?page_id=429"},"modified":"2016-03-24T11:01:57","modified_gmt":"2016-03-24T11:01:57","slug":"talleres","status":"publish","type":"page","link":"https:\/\/www.hydroref.com\/GTH-ARIII\/talleres\/","title":{"rendered":"Cursos y Talleres"},"content":{"rendered":"<h2>SOBRE LOS CURSOS Y TALLERES<\/h2>\n<p>El Grupo ARIII tambi\u00e9n realiza, aunque no regularmente, cursos y talleres cuyos trabajos y presentaciones se ponen a disposici\u00f3n de los interesados a trav\u00e9s de este medio.<\/p>\n<p><a href=\"https:\/\/www.hydroref.com\/GTH-ARIII\/reunion-santiago\/\">Taller Santiago 2011<\/a><\/p>\n","protected":false},"excerpt":{"rendered":"<p>SOBRE LOS CURSOS Y TALLERES El Grupo ARIII tambi\u00e9n realiza, aunque no regularmente, cursos y talleres cuyos trabajos y presentaciones se ponen a disposici\u00f3n de los interesados a trav\u00e9s de este medio. Taller Santiago 2011<\/p>\n","protected":false},"author":31,"featured_media":0,"parent":0,"menu_order":0,"comment_status":"closed","ping_status":"closed","template":"","meta":{"_s2mail":""},"_links":{"self":[{"href":"https:\/\/www.hydroref.com\/GTH-ARIII\/wp-json\/wp\/v2\/pages\/429"}],"collection":[{"href":"https:\/\/www.hydroref.com\/GTH-ARIII\/wp-json\/wp\/v2\/pages"}],"about":[{"href":"https:\/\/www.hydroref.com\/GTH-ARIII\/wp-json\/wp\/v2\/types\/page"}],"author":[{"embeddable":true,"href":"https:\/\/www.hydroref.com\/GTH-ARIII\/wp-json\/wp\/v2\/users\/31"}],"replies":[{"embeddable":true,"href":"https:\/\/www.hydroref.com\/GTH-ARIII\/wp-json\/wp\/v2\/comments?post=429"}],"version-history":[{"count":6,"href":"https:\/\/www.hydroref.com\/GTH-ARIII\/wp-json\/wp\/v2\/pages\/429\/revisions"}],"predecessor-version":[{"id":479,"href":"https:\/\/www.hydroref.com\/GTH-ARIII\/wp-json\/wp\/v2\/pages\/429\/revisions\/479"}],"wp:attachment":[{"href":"https:\/\/www.hydroref.com\/GTH-ARIII\/wp-json\/wp\/v2\/media?parent=429"}],"curies":[{"name":"wp","href":"https:\/\/api.w.org\/{rel}","templated":true}]}}