{"id":783,"date":"2018-04-10T21:57:29","date_gmt":"2018-04-10T19:57:29","guid":{"rendered":"https:\/\/www.hydroref.com\/GTH-ARIII\/?page_id=783"},"modified":"2018-04-11T21:06:11","modified_gmt":"2018-04-11T19:06:11","slug":"ffgs-bogota-2018","status":"publish","type":"page","link":"https:\/\/www.hydroref.com\/GTH-ARIII\/reuniones\/ffgs-bogota-2018\/","title":{"rendered":"Bogota 2018 &#8211; FFGS"},"content":{"rendered":"<p><a href=\"https:\/\/www.hydroref.com\/GTH-ARIII\/wp-content\/uploads\/2018\/04\/Reporte-Final-del-Taller-de-Crecidas-Repentinas-Bogota-Feb-2018-3.pdf\">Informe Final de la Reuni\u00f3n<\/a><\/p>\n<p><a href=\"https:\/\/www.hydroref.com\/GTH-ARIII\/reuniones\/ffgs-bogota-2018\/presentaciones-dia-1\/\">Presentaciones &#8211; D\u00eda 1<\/a><\/p>\n<p><a href=\"https:\/\/www.hydroref.com\/GTH-ARIII\/reuniones\/ffgs-bogota-2018\/presentaciones-dia-2\/\">Presentaciones &#8211; D\u00eda 2<\/a><\/p>\n<p><a href=\"https:\/\/www.hydroref.com\/GTH-ARIII\/reuniones\/ffgs-bogota-2018\/presentaciones-dia-3\/\">Presentaciones &#8211; D\u00eda 3<\/a><\/p>\n","protected":false},"excerpt":{"rendered":"<p>Informe Final de la Reuni\u00f3n Presentaciones &#8211; D\u00eda 1 Presentaciones &#8211; D\u00eda 2 Presentaciones &#8211; D\u00eda 3<\/p>\n","protected":false},"author":31,"featured_media":0,"parent":13,"menu_order":0,"comment_status":"closed","ping_status":"closed","template":"","meta":{"_s2mail":""},"_links":{"self":[{"href":"https:\/\/www.hydroref.com\/GTH-ARIII\/wp-json\/wp\/v2\/pages\/783"}],"collection":[{"href":"https:\/\/www.hydroref.com\/GTH-ARIII\/wp-json\/wp\/v2\/pages"}],"about":[{"href":"https:\/\/www.hydroref.com\/GTH-ARIII\/wp-json\/wp\/v2\/types\/page"}],"author":[{"embeddable":true,"href":"https:\/\/www.hydroref.com\/GTH-ARIII\/wp-json\/wp\/v2\/users\/31"}],"replies":[{"embeddable":true,"href":"https:\/\/www.hydroref.com\/GTH-ARIII\/wp-json\/wp\/v2\/comments?post=783"}],"version-history":[{"count":11,"href":"https:\/\/www.hydroref.com\/GTH-ARIII\/wp-json\/wp\/v2\/pages\/783\/revisions"}],"predecessor-version":[{"id":822,"href":"https:\/\/www.hydroref.com\/GTH-ARIII\/wp-json\/wp\/v2\/pages\/783\/revisions\/822"}],"up":[{"embeddable":true,"href":"https:\/\/www.hydroref.com\/GTH-ARIII\/wp-json\/wp\/v2\/pages\/13"}],"wp:attachment":[{"href":"https:\/\/www.hydroref.com\/GTH-ARIII\/wp-json\/wp\/v2\/media?parent=783"}],"curies":[{"name":"wp","href":"https:\/\/api.w.org\/{rel}","templated":true}]}}