{"id":8,"date":"2015-08-19T12:43:23","date_gmt":"2015-08-19T12:43:23","guid":{"rendered":"https:\/\/www.hydroref.com\/GTH-ARIII\/?page_id=8"},"modified":"2019-01-23T17:15:51","modified_gmt":"2019-01-23T15:15:51","slug":"documentos","status":"publish","type":"page","link":"https:\/\/www.hydroref.com\/GTH-ARIII\/documentos\/","title":{"rendered":"Documentos"},"content":{"rendered":"<p>En esta p\u00e1gina puede encontrar todos los \u00faltimos documentos as\u00ed como documentos de inter\u00e9s general, materias espec\u00edficas as\u00ed como los archivos relacionados al Grupo de Trabajo sobre Hidrolog\u00eda y Recursos H\u00eddricos.<\/p>\n<h2>Documentos recientes<\/h2>\n<ul>\n<li><a href=\"https:\/\/www.hydroref.com\/GTH-ARIII\/wp-content\/uploads\/2018\/09\/GT-HRH-Informe-Final_Asuncion-2017.pdf\" target=\"_blank\" rel=\"noopener\">Reuni\u00f3n del GTHRH &#8211; Asunci\u00f3n (Paraguay), Octubre 2017<\/a><\/li>\n<li><a href=\"https:\/\/www.hydroref.com\/GTH-ARIII\/wp-content\/uploads\/2018\/04\/Reporte-Final-del-Taller-de-Crecidas-Repentinas-Bogota-Feb-2018-3.pdf\" target=\"_blank\" rel=\"noopener\">Informe Final, Reuni\u00f3n Inicial de Planeaci\u00f3n,\u00a0Sistema gu\u00eda para crecidas repentinas en el Noroeste de Am\u00e9rica del Sur (NWSAFFGS),\u00a0Bogot\u00e1, Colombia, 20-22 Febrero 2018<\/a><\/li>\n<li><a href=\"https:\/\/www.hydroref.com\/GTH-ARIII\/wp-content\/uploads\/2016\/04\/Res-16-ARIII-16.pdf\"><span style=\"color: #0066cc;\">Resoluci\u00f3n 16 (ARIII-16)<\/span>\u00a0&#8211; Grupo de Trabajo\u00a0sobre Hidrolog\u00eda y Recursos H\u00eddricos de la AR III<\/a> (los t\u00e9rminos de referencia del Grupo de Trabajo est\u00e0n bajo el &#8220;Decide&#8221;)<\/li>\n<li><a href=\"https:\/\/www.hydroref.com\/GTH-ARIII\/wp-content\/uploads\/2016\/02\/As-Plan-Operativo-AR-III-2016-2019.pdf\" target=\"_blank\" rel=\"noopener\">Plan operativo de la Asociaci\u00f3n Regional\u00a0III (2016-2019) para la mejora de los servicios meteorol\u00f3gicos e hidrol\u00f3gicos<\/a><\/li>\n<li><a href=\"https:\/\/www.hydroref.com\/GTH-ARIII\/wp-content\/uploads\/2016\/04\/Tabla-de-actividades.pdf\">Tabla de actividades 2015-2018<\/a><\/li>\n<\/ul>\n<h2>Documentos de Proyectos<\/h2>\n<ul>\n<li><a href=\"ttp:\/\/www.whycos.org\/chy\/GTH-ARIII\/wp-content\/uploads\/2019\/01\/EuroClima-CIIFEN.pdf\">Fortalecimiento de los sistemas nacionales y regional de monitoreo y gesti\u00f3n de riesgos de sequ\u00eda e inundaciones en un contexto de cambio clim\u00e1tico y desertificaci\u00f3n en los pa\u00edses andinos.<\/a><\/li>\n<li><a href=\"https:\/\/www.hydroref.com\/GTH-ARIII\/wp-content\/uploads\/2019\/01\/EuroClima-SMN-Argentina.pdf\">Dise\u00f1o e implementaci\u00f3n inicial de un sistema de informaci\u00f3n sobre sequ\u00edas para el sur de Am\u00e9rica del Sur (SISA).<\/a><\/li>\n<li><a href=\"https:\/\/www.hydroref.com\/GTH-ARIII\/wp-content\/uploads\/2019\/01\/Propuesta_PROHMSAT_Oct2018.pdf\">Pron\u00f3stico Hidrometeorol\u00f3gico para la Cuenca del Plata &#8211; PROHMSAT<\/a><\/li>\n<li><a href=\"https:\/\/www.hydroref.com\/GTH-ARIII\/wp-content\/uploads\/2019\/01\/NWSAFFGS-Nota-conceptual.pdf\">Sistema Gu\u00eda de Crecidas Repentinas para el oeste de Am\u00e9rica del Sur (NWSAFFGS)<\/a><\/li>\n<\/ul>\n<h2>Inter\u00e9s general<\/h2>\n<h3>Resoluciones sobre intercambio de datos<\/h3>\n<ul>\n<li><a href=\"https:\/\/www.hydroref.com\/GTH-ARIII\/wp-content\/uploads\/2016\/04\/Res-40-Cg-XII.pdf\">OMM Res. 40 (Cg-XII) &#8211; Pol\u00edtica y pr\u00e1ctica de la OMM para el intercambio de datos y productos meteorol\u00f3gicos y afines, incluidas las directrices sobre relaciones en actividades meteorol\u00f3gicas comerciales<\/a><\/li>\n<li><a href=\"https:\/\/www.hydroref.com\/GTH-ARIII\/wp-content\/uploads\/2016\/04\/Res-25-Cg-XIII.pdf\">OMM Res 25 (Cg-XIII) &#8211; Intercambio de datos y productos hidrol\u00f3gicos<\/a><\/li>\n<li><a href=\"https:\/\/www.hydroref.com\/GTH-ARIII\/wp-content\/uploads\/2016\/04\/Res-60-cg-17.pdf\">OMM Res 60 (Cg-17) &#8211; Pol\u00edtica de la Organizaci\u00f3n Meteorol\u00f3gica Mundial para el intercambio internacional de datos y productos clim\u00e1ticos en apoyo a la ejecuci\u00f3n del Marco Mundial para los Servicios Clim\u00e1ticos<\/a><\/li>\n<\/ul>\n<h2>Materias espec\u00edficas<\/h2>\n<p><span style=\"color: #ff0000;\">(las materias se agregan en la medida que aparezcan)<\/span><\/p>\n<h2>Archivos<\/h2>\n<h3>Reuniones del Grupo de Trabajo<\/h3>\n<p><strong>2014<\/strong><\/p>\n<ul>\n<li><a href=\"https:\/\/www.hydroref.com\/GTH-ARIII\/documents\/Informe-12-reunion-2014-GT_H_RH-Montevideo.pdf\" target=\"_blank\" rel=\"noopener\">Asociaci\u00f3n Regional III (Am\u00e9rica del Sur), grupo de trabajo sobre hidrolog\u00eda y recursos h\u00eddricos (GTHRH), Informe de la duod\u00e9cima reuni\u00f3n, Montevideo, Uruguay, 25-27 de marzo de 2014<\/a><\/li>\n<\/ul>\n<p><strong>2011<\/strong><\/p>\n<ul>\n<li><a href=\"https:\/\/www.hydroref.com\/GTH-ARIII\/documents\/InformeFinal-GTHyH-Taller_Crecidas_Repentinas-Santiago_Chile2011-1.pdf\" target=\"_blank\" rel=\"noopener\">Informe Final, Taller Regional sobre CRECIDAS REPENTINAS para Am\u00e9rica del Sur 1, 3 y 4 de octubre de 2011. Santiago de Chile, Chile<\/a><\/li>\n<\/ul>\n<p><strong>2010<\/strong><\/p>\n<ul>\n<li><a href=\"https:\/\/www.hydroref.com\/GTH-ARIII\/documents\/RA-III_11-Informe%20final-Santiago-2010.pdf\" target=\"_blank\" rel=\"noopener\">Asociaci\u00f3n Regional III (Am\u00e9rica del Sur), grupo de trabajo sobre hidrolog\u00eda y recursos h\u00eddricos (GTHRH), Informe de la und\u00e9cima reuni\u00f3n Santiago de Chile, Chile, 22 &#8211; 25 de marzo de 2010<\/a><\/li>\n<\/ul>\n<h3>Reuniones de la Asociaci\u00f3n Regional III<\/h3>\n<p><strong>2014<\/strong><\/p>\n<ul>\n<li><a href=\"https:\/\/www.hydroref.com\/GTH-ARIII\/wp-content\/uploads\/2016\/04\/wmo_1141_es.pdf\">Asociaci\u00f3n Regional III (Am\u00e9rica del Sur) Decimosexta reunion, Asunci\u00f3n, &#8220;Informe final abreviado con resoluciones&#8221;<\/a><\/li>\n<\/ul>\n<p><strong>2010<\/strong><\/p>\n<ul>\n<li><a href=\"https:\/\/www.hydroref.com\/GTH-ARIII\/wp-content\/uploads\/2016\/04\/wmo_1067_es.pdf\">Asociaci\u00f3n Regional III (Am\u00e9rica del Sur) Decimoquinta reunion, Bogot\u00e1, &#8220;Informe final abreviado con resoluciones<\/a>&#8220;<\/li>\n<\/ul>\n<p><strong>2006<\/strong><\/p>\n<ul>\n<li><a href=\"https:\/\/www.hydroref.com\/GTH-ARIII\/documents\/RA-III_14- Informe final-Lima_2006.pdf\" target=\"_blank\" rel=\"noopener\">Asociaci\u00f3n Regional III (Am\u00e9rica del Sur) Decimocuarta reuni\u00f3n, Lima \u201cInforme final abreviado con resoluciones\u201d<\/a><\/li>\n<\/ul>\n","protected":false},"excerpt":{"rendered":"<p>En esta p\u00e1gina puede encontrar todos los \u00faltimos documentos as\u00ed como documentos de inter\u00e9s general, materias espec\u00edficas as\u00ed como los archivos relacionados al Grupo de Trabajo sobre Hidrolog\u00eda y Recursos H\u00eddricos. Documentos recientes Reuni\u00f3n del GTHRH &#8211; Asunci\u00f3n (Paraguay), Octubre 2017 Informe Final, Reuni\u00f3n Inicial de Planeaci\u00f3n,\u00a0Sistema gu\u00eda para crecidas repentinas en el Noroeste de [&hellip;]<\/p>\n","protected":false},"author":1,"featured_media":0,"parent":0,"menu_order":0,"comment_status":"closed","ping_status":"closed","template":"page-templates\/full-width.php","meta":{"_s2mail":""},"_links":{"self":[{"href":"https:\/\/www.hydroref.com\/GTH-ARIII\/wp-json\/wp\/v2\/pages\/8"}],"collection":[{"href":"https:\/\/www.hydroref.com\/GTH-ARIII\/wp-json\/wp\/v2\/pages"}],"about":[{"href":"https:\/\/www.hydroref.com\/GTH-ARIII\/wp-json\/wp\/v2\/types\/page"}],"author":[{"embeddable":true,"href":"https:\/\/www.hydroref.com\/GTH-ARIII\/wp-json\/wp\/v2\/users\/1"}],"replies":[{"embeddable":true,"href":"https:\/\/www.hydroref.com\/GTH-ARIII\/wp-json\/wp\/v2\/comments?post=8"}],"version-history":[{"count":53,"href":"https:\/\/www.hydroref.com\/GTH-ARIII\/wp-json\/wp\/v2\/pages\/8\/revisions"}],"predecessor-version":[{"id":859,"href":"https:\/\/www.hydroref.com\/GTH-ARIII\/wp-json\/wp\/v2\/pages\/8\/revisions\/859"}],"wp:attachment":[{"href":"https:\/\/www.hydroref.com\/GTH-ARIII\/wp-json\/wp\/v2\/media?parent=8"}],"curies":[{"name":"wp","href":"https:\/\/api.w.org\/{rel}","templated":true}]}}